
{"id":2005,"date":"2023-03-28T20:18:22","date_gmt":"2023-03-28T20:18:22","guid":{"rendered":"https:\/\/sipariosulgolfo.com\/?page_id=2005"},"modified":"2023-09-20T09:18:22","modified_gmt":"2023-09-20T09:18:22","slug":"contatto","status":"publish","type":"page","link":"https:\/\/sipariowp.clauramial.opalstacked.com\/es\/contatto\/","title":{"rendered":"Contacto"},"content":{"rendered":"<div style=\"height:30px\" aria-hidden=\"true\" class=\"wp-block-spacer\"><\/div>\n\n\n\n<section class=\"wp-block-group container-xxl py-3 mb-3\"><div class=\"wp-block-group__inner-container is-layout-constrained wp-block-group-is-layout-constrained\">\n<div class=\"wp-block-group container\"><div class=\"wp-block-group__inner-container is-layout-constrained wp-block-group-is-layout-constrained\">\n<div class=\"wp-block-columns is-layout-flex wp-container-core-columns-is-layout-1 wp-block-columns-is-layout-flex\">\n<div class=\"wp-block-column contact-info is-layout-flow wp-block-column-is-layout-flow\">\n<div class=\"wp-block-group\"><div class=\"wp-block-group__inner-container is-layout-constrained wp-block-group-is-layout-constrained\">\n<div class=\"clauramial-featured-icon\"><i class=\"fas fa-map-marker-alt\"><\/i>\n\t\t<\/div>\n\n\n\n<h2 class=\"wp-block-heading has-text-align-center cra-title\">Direcci\u00f3n<\/h2>\n\n\n\n<div class=\"text-align-center px-3 py-3\"><p>Si est\u00e1s en la zona y \u00bftienes curiosidad por el lugar? \u00a1Ven a visitarnos!<\/p>\n<p>Via Coregna, 45\/A<br>19123, La Spezia<\/p><\/div>\n\n\n\n<p><\/p>\n<\/div><\/div>\n<\/div>\n\n\n\n<div class=\"wp-block-column contact-info is-layout-flow wp-block-column-is-layout-flow\">\n<div class=\"wp-block-group\"><div class=\"wp-block-group__inner-container is-layout-constrained wp-block-group-is-layout-constrained\">\n<div class=\"clauramial-featured-icon\"><i class=\"fas fa-phone\"><\/i>\n\t\t<\/div>\n\n\n\n<h2 class=\"wp-block-heading has-text-align-center cra-title\">Ll\u00e1manos<\/h2>\n\n\n\n<div class=\"text-align-center px-3 py-3\"><p>\u00bfQuieres informaci\u00f3n detallada y una respuesta inmediata? Ll\u00e1manos <a href=\"tel: 39 3664499347\">+39 366 4499347<\/a><\/p><\/div>\n<\/div><\/div>\n<\/div>\n\n\n\n<div class=\"wp-block-column contact-info is-layout-flow wp-block-column-is-layout-flow\">\n<div class=\"wp-block-group\"><div class=\"wp-block-group__inner-container is-layout-constrained wp-block-group-is-layout-constrained\">\n<div class=\"clauramial-featured-icon\"><i class=\"fas fa-envelope\"><\/i>\n\t\t<\/div>\n\n\n\n<h2 class=\"wp-block-heading has-text-align-center cra-title\">Escr\u00edbenos<\/h2>\n\n\n\n<div class=\"text-align-center px-3 py-3\"><p>Si deseas informaci\u00f3n m\u00e1s detallada o alguna solicitud en particular, cont\u00e1ctanos por correo a <a href=\"mailto: sipariosulgolfo@gmail.com\">sipariosulgolfo@gmail.com<\/a><\/p><\/div>\n<\/div><\/div>\n<\/div>\n<\/div>\n<\/div><\/div>\n<\/div><\/section>\n\n\n\n<section class=\"wp-block-group alignwide container-xxl py-3\"><div class=\"wp-block-group__inner-container is-layout-constrained wp-block-group-is-layout-constrained\">\n<div class=\"wp-block-group container\"><div class=\"wp-block-group__inner-container is-layout-constrained wp-block-group-is-layout-constrained\">\n<div class=\"wp-block-columns is-layout-flex wp-container-core-columns-is-layout-2 wp-block-columns-is-layout-flex\">\n<div class=\"wp-block-column contact is-layout-flow wp-block-column-is-layout-flow\" style=\"flex-basis:66.66%\">\n<h2 class=\"wp-block-heading cra-title-left\">Mandanos un mensaje<\/h2>\n\n\n\n<p>Si tienes alguna pregunta, env\u00edanos un mensaje utilizando el siguiente formulario para tus consultas. Te contestaremos lo antes posible.<\/p>\n\n\n\n\n<div class=\"wpcf7 no-js\" id=\"wpcf7-f2009-o1\" lang=\"it-IT\" dir=\"ltr\" data-wpcf7-id=\"2009\">\n<div class=\"screen-reader-response\"><p role=\"status\" aria-live=\"polite\" aria-atomic=\"true\"><\/p> <ul><\/ul><\/div>\n<form action=\"\/wp-json\/wp\/v2\/pages\/2005\" method=\"post\" class=\"wpcf7-form init\" aria-label=\"Contact form\" novalidate=\"novalidate\" data-status=\"init\" data-trp-original-action=\"\/es\/wp-json\/wp\/v2\/pages\/2005#wpcf7-f2009-o1\">\n<div style=\"display: none;\">\n<input type=\"hidden\" name=\"_wpcf7\" value=\"2009\" \/>\n<input type=\"hidden\" name=\"_wpcf7_version\" value=\"6.0.4\" \/>\n<input type=\"hidden\" name=\"_wpcf7_locale\" value=\"it_IT\" \/>\n<input type=\"hidden\" name=\"_wpcf7_unit_tag\" value=\"wpcf7-f2009-o1\" \/>\n<input type=\"hidden\" name=\"_wpcf7_container_post\" value=\"0\" \/>\n<input type=\"hidden\" name=\"_wpcf7_posted_data_hash\" value=\"\" \/>\n<input type=\"hidden\" name=\"_wpcf7_recaptcha_response\" value=\"\" \/>\n<\/div>\n<p><label> Nombre<br \/>\n<span class=\"wpcf7-form-control-wrap\" data-name=\"your-name\"><input size=\"40\" maxlength=\"400\" class=\"wpcf7-form-control wpcf7-text wpcf7-validates-as-required\" aria-required=\"true\" aria-invalid=\"false\" value=\"\" type=\"text\" name=\"your-name\" \/><\/span> <\/label>\n<\/p>\n<p><label> Tel\u00e9fono (opcional)<br \/>\n<span class=\"wpcf7-form-control-wrap\" data-name=\"your-tel\"><input size=\"40\" maxlength=\"400\" class=\"wpcf7-form-control wpcf7-text\" aria-invalid=\"false\" placeholder=\"tu n\u00famero de tel\u00e9fono\" value=\"\" type=\"text\" name=\"your-tel\" \/><\/span><\/label>\n<\/p>\n<p><label> Correo electr\u00f3nico<br \/>\n<span class=\"wpcf7-form-control-wrap\" data-name=\"your-email\"><input size=\"40\" maxlength=\"400\" class=\"wpcf7-form-control wpcf7-email wpcf7-validates-as-required wpcf7-text wpcf7-validates-as-email\" aria-required=\"true\" aria-invalid=\"false\" value=\"\" type=\"email\" name=\"your-email\" \/><\/span> <\/label>\n<\/p>\n<p><label> Tema (opcional)<br \/>\n<span class=\"wpcf7-form-control-wrap\" data-name=\"your-subject\"><input size=\"40\" maxlength=\"400\" class=\"wpcf7-form-control wpcf7-text\" aria-invalid=\"false\" value=\"\" type=\"text\" name=\"your-subject\" \/><\/span> <\/label>\n<\/p>\n<p><label> Messaggio<br \/>\n<span class=\"wpcf7-form-control-wrap\" data-name=\"your-message\"><textarea cols=\"40\" rows=\"10\" maxlength=\"2000\" class=\"wpcf7-form-control wpcf7-textarea wpcf7-validates-as-required\" aria-required=\"true\" aria-invalid=\"false\" name=\"your-message\"><\/textarea><\/span> <\/label>\n<\/p>\n<p><label> Permiso para almacenar informaci\u00f3n del formulario<br \/>\n<\/label>\n<\/p>\n<p>Marca esta casilla para indicar que comprendes y expresas tu consentimiento para el tratamiento de los datos para las finalidades indicadas.\n<\/p>\n<p><a href=\"\/es\/informativa-sulla-privacy\/\">Pol\u00edtica de privacidad<\/a>\n<\/p>\n<p><span class=\"wpcf7-form-control-wrap\" data-name=\"acceptance-335\"><span class=\"wpcf7-form-control wpcf7-acceptance\"><span class=\"wpcf7-list-item\"><label><input type=\"checkbox\" name=\"acceptance-335\" value=\"1\" aria-invalid=\"false\" \/><span class=\"wpcf7-list-item-label\">S\u00ed, entiendo y acepto que se almacene mi informaci\u00f3n.<\/span><\/label><\/span><\/span><\/span>\n<\/p>\n<p><input class=\"wpcf7-form-control wpcf7-submit has-spinner\" type=\"submit\" value=\"Enviar\" \/>\n<\/p><div class=\"wpcf7-response-output\" aria-hidden=\"true\"><\/div>\n<input type=\"hidden\" name=\"trp-form-language\" value=\"es\"\/><\/form>\n<\/div>\n\n<\/div>\n\n\n\n<div class=\"wp-block-column is-vertically-aligned-center is-layout-flow wp-block-column-is-layout-flow\" style=\"flex-basis:33.33%\">\n<figure class=\"wp-block-gallery has-nested-images columns-default is-cropped wp-block-gallery-1 is-layout-flex wp-block-gallery-is-layout-flex\">\n<figure class=\"wp-block-image size-large\"><img loading=\"lazy\" decoding=\"async\" width=\"1024\" height=\"768\" data-id=\"2367\" src=\"https:\/\/sipariosulgolfo.com\/wp-content\/uploads\/2023\/05\/beautiful-flowers-flower-background-flower-wallpaper-3430058-1024x768.jpg\" alt=\"beautiful flowers, flower background, flower wallpaper-3430058.jpg\" class=\"wp-image-2367\" srcset=\"https:\/\/sipariowp.clauramial.opalstacked.com\/wp-content\/uploads\/2023\/05\/beautiful-flowers-flower-background-flower-wallpaper-3430058-1024x768.jpg 1024w, https:\/\/sipariowp.clauramial.opalstacked.com\/wp-content\/uploads\/2023\/05\/beautiful-flowers-flower-background-flower-wallpaper-3430058-300x225.jpg 300w, https:\/\/sipariowp.clauramial.opalstacked.com\/wp-content\/uploads\/2023\/05\/beautiful-flowers-flower-background-flower-wallpaper-3430058-768x576.jpg 768w, https:\/\/sipariowp.clauramial.opalstacked.com\/wp-content\/uploads\/2023\/05\/beautiful-flowers-flower-background-flower-wallpaper-3430058-16x12.jpg 16w, https:\/\/sipariowp.clauramial.opalstacked.com\/wp-content\/uploads\/2023\/05\/beautiful-flowers-flower-background-flower-wallpaper-3430058.jpg 1280w\" sizes=\"auto, (max-width: 1024px) 100vw, 1024px\" \/><\/figure>\n\n\n\n<figure class=\"wp-block-image size-large\"><img loading=\"lazy\" decoding=\"async\" width=\"1024\" height=\"485\" data-id=\"1998\" src=\"https:\/\/sipariosulgolfo.com\/wp-content\/uploads\/2023\/03\/Natura-e-tranquillita-1024x485.webp\" alt=\"\" class=\"wp-image-1998\" srcset=\"https:\/\/sipariowp.clauramial.opalstacked.com\/wp-content\/uploads\/2023\/03\/Natura-e-tranquillita-1024x485.webp 1024w, https:\/\/sipariowp.clauramial.opalstacked.com\/wp-content\/uploads\/2023\/03\/Natura-e-tranquillita-300x142.webp 300w, https:\/\/sipariowp.clauramial.opalstacked.com\/wp-content\/uploads\/2023\/03\/Natura-e-tranquillita-768x364.webp 768w, https:\/\/sipariowp.clauramial.opalstacked.com\/wp-content\/uploads\/2023\/03\/Natura-e-tranquillita-1536x728.webp 1536w, https:\/\/sipariowp.clauramial.opalstacked.com\/wp-content\/uploads\/2023\/03\/Natura-e-tranquillita-18x9.webp 18w, https:\/\/sipariowp.clauramial.opalstacked.com\/wp-content\/uploads\/2023\/03\/Natura-e-tranquillita.webp 1920w\" sizes=\"auto, (max-width: 1024px) 100vw, 1024px\" \/><\/figure>\n<\/figure>\n\n\n\n<figure class=\"wp-block-image alignwide size-full\"><img loading=\"lazy\" decoding=\"async\" width=\"528\" height=\"800\" src=\"https:\/\/sipariosulgolfo.com\/wp-content\/uploads\/2023\/05\/quadro-soggiorno-fiori.webp\" alt=\"\" class=\"wp-image-2394\" srcset=\"https:\/\/sipariowp.clauramial.opalstacked.com\/wp-content\/uploads\/2023\/05\/quadro-soggiorno-fiori.webp 528w, https:\/\/sipariowp.clauramial.opalstacked.com\/wp-content\/uploads\/2023\/05\/quadro-soggiorno-fiori-198x300.webp 198w, https:\/\/sipariowp.clauramial.opalstacked.com\/wp-content\/uploads\/2023\/05\/quadro-soggiorno-fiori-8x12.webp 8w\" sizes=\"auto, (max-width: 528px) 100vw, 528px\" \/><\/figure>\n<\/div>\n<\/div>\n<\/div><\/div>\n<\/div><\/section>\n\n\n\n<section class=\"wp-block-group container-xxl py-3 uag-hide-tab uag-hide-mob\"><div class=\"wp-block-group__inner-container is-layout-constrained wp-block-group-is-layout-constrained\">\n<div class=\"wp-block-group container\"><div class=\"wp-block-group__inner-container is-layout-constrained wp-block-group-is-layout-constrained\">\n<div class=\"wp-block-columns is-layout-flex wp-container-core-columns-is-layout-3 wp-block-columns-is-layout-flex\">\n<div class=\"wp-block-column is-vertically-aligned-center is-layout-flow wp-block-column-is-layout-flow\">\n<div class=\"wp-block-uagb-container uagb-block-51a71e84 alignfull uagb-is-root-container\"><div class=\"uagb-container-inner-blocks-wrap\">\n<div class=\"wp-block-group\"><div class=\"wp-block-group__inner-container is-layout-constrained wp-block-group-is-layout-constrained\">\n<h2 class=\"wp-block-heading cra-title\">Donde estamos<\/h2>\n\n\n\n<iframe src=\"https:\/\/www.google.com\/maps\/embed?pb=!1m18!1m12!1m3!1d2865.653204330639!2d9.806790575208867!3d44.090512124038725!2m3!1f0!2f0!3f0!3m2!1i1024!2i768!4f13.1!3m3!1m2!1s0x12d4fb81d4464fc1%3A0xeb4ea9d878320221!2sVia%20Coregna%2C%2045%2C%2019123%20La%20Spezia%20SP!5e0!3m2!1ses-419!2sit!4v1685114586093!5m2!1ses-419!2sit\" width=\"450\" height=\"650\" style=\"border:0;\" allowfullscreen=\"\" loading=\"lazy\" referrerpolicy=\"no-referrer-when-downgrade\"><\/iframe>\n<\/div><\/div>\n<\/div><\/div>\n<\/div>\n\n\n\n<div class=\"wp-block-column is-layout-flow wp-block-column-is-layout-flow\">\n<figure class=\"wp-block-gallery has-nested-images columns-default is-cropped wp-block-gallery-2 is-layout-flex wp-block-gallery-is-layout-flex\">\n<figure class=\"wp-block-image size-large\"><img loading=\"lazy\" decoding=\"async\" width=\"400\" height=\"250\" data-id=\"2324\" src=\"https:\/\/sipariosulgolfo.com\/wp-content\/uploads\/2023\/05\/vista-golfo-dal-settimo-cielo-pizzeria.webp\" alt=\"\" class=\"wp-image-2324\" srcset=\"https:\/\/sipariowp.clauramial.opalstacked.com\/wp-content\/uploads\/2023\/05\/vista-golfo-dal-settimo-cielo-pizzeria.webp 400w, https:\/\/sipariowp.clauramial.opalstacked.com\/wp-content\/uploads\/2023\/05\/vista-golfo-dal-settimo-cielo-pizzeria-300x188.webp 300w, https:\/\/sipariowp.clauramial.opalstacked.com\/wp-content\/uploads\/2023\/05\/vista-golfo-dal-settimo-cielo-pizzeria-18x12.webp 18w\" sizes=\"auto, (max-width: 400px) 100vw, 400px\" \/><\/figure>\n\n\n\n<figure class=\"wp-block-image size-large\"><img loading=\"lazy\" decoding=\"async\" width=\"400\" height=\"250\" data-id=\"2321\" src=\"https:\/\/sipariosulgolfo.com\/wp-content\/uploads\/2023\/05\/vista-golfo-dalla-casa.webp\" alt=\"Vista panoramica del Golfo\" class=\"wp-image-2321\" srcset=\"https:\/\/sipariowp.clauramial.opalstacked.com\/wp-content\/uploads\/2023\/05\/vista-golfo-dalla-casa.webp 400w, https:\/\/sipariowp.clauramial.opalstacked.com\/wp-content\/uploads\/2023\/05\/vista-golfo-dalla-casa-300x188.webp 300w, https:\/\/sipariowp.clauramial.opalstacked.com\/wp-content\/uploads\/2023\/05\/vista-golfo-dalla-casa-18x12.webp 18w\" sizes=\"auto, (max-width: 400px) 100vw, 400px\" \/><\/figure>\n<\/figure>\n\n\n\n<figure class=\"wp-block-image size-large\"><img loading=\"lazy\" decoding=\"async\" width=\"768\" height=\"1024\" src=\"https:\/\/sipariosulgolfo.com\/wp-content\/uploads\/2023\/05\/vista-apuane-tramonto-768x1024.webp\" alt=\"\" class=\"wp-image-2348\" srcset=\"https:\/\/sipariowp.clauramial.opalstacked.com\/wp-content\/uploads\/2023\/05\/vista-apuane-tramonto-768x1024.webp 768w, https:\/\/sipariowp.clauramial.opalstacked.com\/wp-content\/uploads\/2023\/05\/vista-apuane-tramonto-225x300.webp 225w, https:\/\/sipariowp.clauramial.opalstacked.com\/wp-content\/uploads\/2023\/05\/vista-apuane-tramonto-9x12.webp 9w, https:\/\/sipariowp.clauramial.opalstacked.com\/wp-content\/uploads\/2023\/05\/vista-apuane-tramonto.webp 800w\" sizes=\"auto, (max-width: 768px) 100vw, 768px\" \/><\/figure>\n<\/div>\n<\/div>\n<\/div><\/div>\n<\/div><\/section>\n\n\n\n<div style=\"height:50px\" aria-hidden=\"true\" class=\"wp-block-spacer\"><\/div>\n\n\n\n<div class=\"wp-block-group container-xxl py-3 uag-hide-desktop\"><div class=\"wp-block-group__inner-container is-layout-constrained wp-block-group-is-layout-constrained\">\n<div class=\"wp-block-group container\"><div class=\"wp-block-group__inner-container is-layout-constrained wp-block-group-is-layout-constrained\">\n<div class=\"wp-block-columns is-layout-flex wp-container-core-columns-is-layout-4 wp-block-columns-is-layout-flex\">\n<div class=\"wp-block-column is-layout-flow wp-block-column-is-layout-flow\">\n<figure class=\"wp-block-gallery has-nested-images columns-default is-cropped wp-block-gallery-3 is-layout-flex wp-block-gallery-is-layout-flex\">\n<figure class=\"wp-block-image size-large\"><img loading=\"lazy\" decoding=\"async\" width=\"400\" height=\"250\" data-id=\"2321\" src=\"https:\/\/sipariosulgolfo.com\/wp-content\/uploads\/2023\/05\/vista-golfo-dalla-casa.webp\" alt=\"Vista panoramica del Golfo\" class=\"wp-image-2321\" srcset=\"https:\/\/sipariowp.clauramial.opalstacked.com\/wp-content\/uploads\/2023\/05\/vista-golfo-dalla-casa.webp 400w, https:\/\/sipariowp.clauramial.opalstacked.com\/wp-content\/uploads\/2023\/05\/vista-golfo-dalla-casa-300x188.webp 300w, https:\/\/sipariowp.clauramial.opalstacked.com\/wp-content\/uploads\/2023\/05\/vista-golfo-dalla-casa-18x12.webp 18w\" sizes=\"auto, (max-width: 400px) 100vw, 400px\" \/><\/figure>\n\n\n\n<figure class=\"wp-block-image size-large\"><img loading=\"lazy\" decoding=\"async\" width=\"400\" height=\"250\" data-id=\"2324\" src=\"https:\/\/sipariosulgolfo.com\/wp-content\/uploads\/2023\/05\/vista-golfo-dal-settimo-cielo-pizzeria.webp\" alt=\"\" class=\"wp-image-2324\" srcset=\"https:\/\/sipariowp.clauramial.opalstacked.com\/wp-content\/uploads\/2023\/05\/vista-golfo-dal-settimo-cielo-pizzeria.webp 400w, https:\/\/sipariowp.clauramial.opalstacked.com\/wp-content\/uploads\/2023\/05\/vista-golfo-dal-settimo-cielo-pizzeria-300x188.webp 300w, https:\/\/sipariowp.clauramial.opalstacked.com\/wp-content\/uploads\/2023\/05\/vista-golfo-dal-settimo-cielo-pizzeria-18x12.webp 18w\" sizes=\"auto, (max-width: 400px) 100vw, 400px\" \/><\/figure>\n<\/figure>\n\n\n\n<figure class=\"wp-block-image size-full\"><img loading=\"lazy\" decoding=\"async\" width=\"800\" height=\"800\" src=\"https:\/\/sipariosulgolfo.com\/wp-content\/uploads\/2023\/05\/vista-apuane-tramonto-edited.webp\" alt=\"\" class=\"wp-image-2360\" srcset=\"https:\/\/sipariowp.clauramial.opalstacked.com\/wp-content\/uploads\/2023\/05\/vista-apuane-tramonto-edited.webp 800w, https:\/\/sipariowp.clauramial.opalstacked.com\/wp-content\/uploads\/2023\/05\/vista-apuane-tramonto-edited-300x300.webp 300w, https:\/\/sipariowp.clauramial.opalstacked.com\/wp-content\/uploads\/2023\/05\/vista-apuane-tramonto-edited-150x150.webp 150w, https:\/\/sipariowp.clauramial.opalstacked.com\/wp-content\/uploads\/2023\/05\/vista-apuane-tramonto-edited-768x768.webp 768w, https:\/\/sipariowp.clauramial.opalstacked.com\/wp-content\/uploads\/2023\/05\/vista-apuane-tramonto-edited-12x12.webp 12w\" sizes=\"auto, (max-width: 800px) 100vw, 800px\" \/><\/figure>\n<\/div>\n\n\n\n<div class=\"wp-block-column is-layout-flow wp-block-column-is-layout-flow\">\n<div class=\"wp-block-uagb-container uagb-block-761bcea1 alignfull uagb-is-root-container\"><div class=\"uagb-container-inner-blocks-wrap\">\n<iframe src=\"https:\/\/www.google.com\/maps\/embed?pb=!1m18!1m12!1m3!1d2865.653204330639!2d9.806790575208867!3d44.090512124038725!2m3!1f0!2f0!3f0!3m2!1i1024!2i768!4f13.1!3m3!1m2!1s0x12d4fb81d4464fc1%3A0xeb4ea9d878320221!2sVia%20Coregna%2C%2045%2C%2019123%20La%20Spezia%20SP!5e0!3m2!1ses-419!2sit!4v1685114586093!5m2!1ses-419!2sit\" width=\"300\" height=\"500\" style=\"border:0;\" allowfullscreen=\"\" loading=\"lazy\" referrerpolicy=\"no-referrer-when-downgrade\"><\/iframe>\n<\/div><\/div>\n<\/div>\n<\/div>\n<\/div><\/div>\n<\/div><\/div>\n\n\n\n<div class=\"wp-block-group uag-hide-desktop is-content-justification-center is-nowrap is-layout-flex wp-container-core-group-is-layout-13 wp-block-group-is-layout-flex\"><\/div>","protected":false},"excerpt":{"rendered":"<p>Indirizzo Se ti trovi in zona e sei curioso del posto? Vieni a trovarci! Via Coregna, 45\/A19123, La Spezia Chiamaci Vuoi avere informazioni dettagliate ed una risposta istantanea? Chiamaci +39 366 4499347 Scrivici Se vuoi delle informazioni approfondite o qualche richiesta particolare, contattaci via mail a sipariosulgolfo@gmail.com Mandaci un messaggio Se hai delle domande mandaci [&hellip;]<\/p>","protected":false},"author":2,"featured_media":0,"parent":0,"menu_order":0,"comment_status":"closed","ping_status":"closed","template":"","meta":{"content-type":"","_uag_custom_page_level_css":"","footnotes":""},"class_list":["post-2005","page","type-page","status-publish","hentry"],"aioseo_notices":[],"uagb_featured_image_src":{"full":false,"thumbnail":false,"medium":false,"medium_large":false,"large":false,"1536x1536":false,"2048x2048":false,"trp-custom-language-flag":false,"clauramial-about-thumb":false,"clauramial-blog-thumb":false,"clauramial-featured-thumb":false,"clauramial-slider":false},"uagb_author_info":{"display_name":"Daniel Ramirez Alonso","author_link":"https:\/\/sipariowp.clauramial.opalstacked.com\/es\/author\/dany_sukerhotmail-com\/"},"uagb_comment_info":0,"uagb_excerpt":"Indirizzo Se ti trovi in zona e sei curioso del posto? Vieni a trovarci! Via Coregna, 45\/A19123, La Spezia Chiamaci Vuoi avere informazioni dettagliate ed una risposta istantanea? Chiamaci +39 366 4499347 Scrivici Se vuoi delle informazioni approfondite o qualche richiesta particolare, contattaci via mail a sipariosulgolfo@gmail.com Mandaci un messaggio Se hai delle domande mandaci&hellip;","_links":{"self":[{"href":"https:\/\/sipariowp.clauramial.opalstacked.com\/es\/wp-json\/wp\/v2\/pages\/2005","targetHints":{"allow":["GET"]}}],"collection":[{"href":"https:\/\/sipariowp.clauramial.opalstacked.com\/es\/wp-json\/wp\/v2\/pages"}],"about":[{"href":"https:\/\/sipariowp.clauramial.opalstacked.com\/es\/wp-json\/wp\/v2\/types\/page"}],"author":[{"embeddable":true,"href":"https:\/\/sipariowp.clauramial.opalstacked.com\/es\/wp-json\/wp\/v2\/users\/2"}],"replies":[{"embeddable":true,"href":"https:\/\/sipariowp.clauramial.opalstacked.com\/es\/wp-json\/wp\/v2\/comments?post=2005"}],"version-history":[{"count":113,"href":"https:\/\/sipariowp.clauramial.opalstacked.com\/es\/wp-json\/wp\/v2\/pages\/2005\/revisions"}],"predecessor-version":[{"id":3521,"href":"https:\/\/sipariowp.clauramial.opalstacked.com\/es\/wp-json\/wp\/v2\/pages\/2005\/revisions\/3521"}],"wp:attachment":[{"href":"https:\/\/sipariowp.clauramial.opalstacked.com\/es\/wp-json\/wp\/v2\/media?parent=2005"}],"curies":[{"name":"wp","href":"https:\/\/api.w.org\/{rel}","templated":true}]}}