
{"id":2162,"date":"2023-04-13T10:34:16","date_gmt":"2023-04-13T10:34:16","guid":{"rendered":"https:\/\/sipariosulgolfo.com\/?page_id=2162"},"modified":"2023-08-10T18:00:54","modified_gmt":"2023-08-10T18:00:54","slug":"dove-mangiare","status":"publish","type":"page","link":"https:\/\/sipariowp.clauramial.opalstacked.com\/es\/nei-dintorni\/dove-mangiare\/","title":{"rendered":"D\u00f3nde comer"},"content":{"rendered":"<div class=\"wp-block-group container-xxl py-5\"><div class=\"wp-block-group__inner-container is-layout-constrained wp-block-group-is-layout-constrained\">\n<div class=\"wp-block-group container\"><div class=\"wp-block-group__inner-container is-layout-constrained wp-block-group-is-layout-constrained\">\n<div class=\"wp-block-columns row g-5 align-items-center is-layout-flex wp-container-core-columns-is-layout-1 wp-block-columns-is-layout-flex\">\n<div class=\"wp-block-column is-layout-flow wp-block-column-is-layout-flow\">\n<div class=\"row g-3\">\n      <div class=\"col-6 text-end\"  >\n\t\t\t\t\t\t\t<img decoding=\"async\" src=\"\/wp-content\/uploads\/2023\/07\/piatto-osteriadella-corte.webp\" alt=\"Image\" class=\"img-fluid rounded w-75 wow zoomIn\"data-wow-delay=\"0.1s\" \nloading=\"lazy\"\nstyle=\"margin-top: 25%;\">\n\t\t\t\t\t\t      <\/div>\n      <div class=\"col-6 text-start\"  >\n\t\t\t\t\t\t\t<img decoding=\"async\" src=\"\/wp-content\/uploads\/2023\/07\/spaghetti-tortuga-claudio.webp\" alt=\"Image\" class=\"img-fluid rounded w-100 wow zoomIn\" \ndata-wow-delay=\"0.3s\" loading=\"lazy\">\n\t\t\t\t\t\t      <\/div>\n      <div class=\"col-6 text-end\"  >\n\t\t\t\t\t\t\t<img decoding=\"async\" src=\"\/wp-content\/uploads\/2023\/07\/settimo-cielo-ingresso.webp\" alt=\"Image\" class=\"img-fluid rounded w-50 wow zoomIn\" \ndata-wow-delay=\"0.5s\"\t\t\t\tloading=\"lazy\">\n\t\t\t\t\t\t      <\/div>\n      <div class=\"col-6 text-start\"  >\n\t\t\t\t\t\t\t<img decoding=\"async\" src=\"\/wp-content\/uploads\/2023\/07\/dolce-cioccolato-tortuga.webp\" alt=\"Image\" class=\"img-fluid rounded w-75 wow zoomIn\" \n\t\t\t\t\t\t\t\t\t\t\t\t\t\tdata-wow-delay=\"0.7s\"\n\t\t\t\t\t\t\t\t\t\t\t\t\t\tloading=\"lazy\">\n\t\t\t\t\t\t      <\/div>\n\n<\/div>\n<\/div>\n\n\n\n<div class=\"wp-block-column is-layout-flow wp-block-column-is-layout-flow\">\n<p>Quando visitiamo un posto nuovo che sia questo della stessa regione, una diversa regione o addirittura un paese diverso, cerchiamo di conoscere e assaggiare la cucina del posto. La Spezia ne ha una variet\u00e0 diversa di piatti tipici e noi vi consigliamo alcuni dei tanti ristoranti presenti nella zona che propongono un ottima cucina ligure..<\/p>\n<\/div>\n<\/div>\n<\/div><\/div>\n<\/div><\/div>\n\n\n\n<div class=\"wp-block-group container-xxl py-5\"><div class=\"wp-block-group__inner-container is-layout-constrained wp-block-group-is-layout-constrained\">\n<div class=\"wp-block-group container\"><div class=\"wp-block-group__inner-container is-layout-constrained wp-block-group-is-layout-constrained\">\n<div class=\"wp-block-columns row align-items-center justify-content-between is-layout-flex wp-container-core-columns-is-layout-2 wp-block-columns-is-layout-flex\">\n<div class=\"wp-block-column col-lg-6 order-lg-2 mb-5 mb-lg-0 is-layout-flow wp-block-column-is-layout-flow\">\n<div class=\"image-stack mb-3 mb-lg-0\">\n \n        <div class=\"image-stack__item image-stack__item--bottom wow FadeIn\"  >\n\t\t\t\t\t\t\t<img decoding=\"async\" src=\"\/wp-content\/uploads\/2023\/07\/settimo-cielo-ingresso.webp\" alt=\"Image\" class=\"img-fluid rounded rellax\">\n\t\t\t\t\t\t      <\/div>\n\t\t\t\t\t\t<div class=\"image-stack__item image-stack__item--top wow FadeUp\"   data-rellax-percentage=\"0.5\">\n\t\t\t\t\t\t\t<img decoding=\"async\" src=\"\/wp-content\/uploads\/2023\/07\/alsettimocielo-di-sera.webp\" alt=\"Image\" class=\"img-fluid rounded\">\n\t\t\t\t\t\t<\/div>\n\t\t\t\t\t<\/div>\n<\/div>\n\n\n\n<div class=\"wp-block-column col-lg-4 order-lg-1 is-layout-flow wp-block-column-is-layout-flow\">\n<h2 class=\"wp-block-heading\">Al Settimo Cielo<\/h2>\n\n\n\n<p>Al Settimo Cielo \u00e8 un ristorante pizzeria che propone non solo piatti tipici della tradizione ligure ma anche una vasta scelta di pizze.<\/p>\n\n\n\n<p>E&#8217; un posto carino dove si pio&#8217; andare a mangiare una pizza da soli o in compagnia. Questo ristorante si trova molto vicino a Sipario sul Golfo. <\/p>\n\n\n\n<p>Situato in zona panoramica sovrasta il Golfo della Spezia con una meravigliosa vista mare.<\/p>\n\n\n\n<ul class=\"rist_address\">\n<li><a href=\"https:\/\/www.facebook.com\/alsettimocielo.laspezia\" target=\"_blank\" rel=\"noopener\" title=\"per maggiori info visita la loro pagina Facebook\"><i class=\"fa-brands fa-facebook\" aria-hidden=\"true\"><\/i>Pagina Facebook di Al Settimo Cielo<\/a><\/li>                \n                  <li><a href=\"tel: 390187737844\"><i class=\"fa fa-phone\"><\/i>+39 0187 737 844<\/a><\/li>\n<li><a href=\"https:\/\/goo.gl\/maps\/ufYB8TkAUp42WCGy9\" target=\"_blank\" rel=\"noopener\" title=\"Vedi il loro indirizzo su google maps\"><i class=\"fa fa-map-marker\" aria-hidden=\"true\"><\/i>Via delle baccelle, 10<br\/>&nbsp; &nbsp; &nbsp; 19131 La Spezia (SP)<\/a><\/li>\n              <\/ul>\n<\/div>\n<\/div>\n<\/div><\/div>\n<\/div><\/div>\n\n\n\n<div class=\"wp-block-group container-xxl py-5\"><div class=\"wp-block-group__inner-container is-layout-constrained wp-block-group-is-layout-constrained\">\n<div class=\"wp-block-group container\"><div class=\"wp-block-group__inner-container is-layout-constrained wp-block-group-is-layout-constrained\">\n<div class=\"wp-block-columns is-layout-flex wp-container-core-columns-is-layout-3 wp-block-columns-is-layout-flex\">\n<div class=\"wp-block-column col-lg-6 order-lg-1 mb-3 mb-lg-0 is-layout-flow wp-block-column-is-layout-flow\">\n<div class=\"image-stack mb-3 mb-lg-0\">\n \n        <div class=\"image-stack__item image-stack__item--bottom\" data-aos=\"fade-up\"  >\n\t\t\t\t\t\t\t<img decoding=\"async\" src=\"\/wp-content\/uploads\/2023\/07\/latortuga.webp\" alt=\"Image\" class=\"img-fluid rounded rellax\">\n\t\t\t\t\t\t      <\/div>\n\t\t\t\t\t\t<div class=\"image-stack__item image-stack__item--top\" data-aos=\"fade-up\" data-aos-delay=\"100\"  data-rellax-percentage=\"0.5\">\n\t\t\t\t\t\t\t<img decoding=\"async\" src=\"\/wp-content\/uploads\/2023\/06\/vista-ristorante-la-tortuga.webp\" alt=\"Image\" class=\"img-fluid rounded\">\n\t\t\t\t\t\t<\/div>\n\t\t\t\t\t<\/div>\n<\/div>\n\n\n\n<div class=\"wp-block-column col-lg-4 order-lg-2 is-layout-flow wp-block-column-is-layout-flow\">\n<h2 class=\"wp-block-heading\">La Tortuga<\/h2>\n\n\n\n<p>&#8220;La Tortuga&#8221; \u00e8 un bel posticino molto accogliente che si trova davvero vicino a &#8220;Sipario sul Golfo&#8221;.<\/p>\n\n\n\n<p>Oltre ad avere una bella location, ha del personale attento e cortese, il men\u00f9 \u00e8 solo pesce e non \u00e8 strapieno di portate ma questo \u00e8 un pregio. <\/p>\n\n\n\n<p>Gli spaghetti alla Claudio te li consigliamo vivamentente.<\/p>\n\n\n\n<ul class=\"rist_address\">\n<li><a href=\"https:\/\/www.facebook.com\/profile.php?id=100054217221030\" target=\"_blank\" rel=\"noopener\" title=\"per maggiori info visita la loro pagina Facebook\"><i class=\"fa-brands fa-facebook\" aria-hidden=\"true\"><\/i>Pagina Facebook di La Tortuga di Claudio<\/a><\/li>\n                  <li><a href=\"mailto:latortugadiclaudio@gmail.com\"><i class=\"fa fa-envelope\" aria-hidden=\"true\"><\/i>latortugadiclaudio@gmail.com<\/a><\/li>\n                  <li><a href=\"tel: 390187732209\"><i class=\"fa fa-phone\"><\/i>+39 0187 732 209<\/a><\/li>\n<li><a href=\"https:\/\/goo.gl\/maps\/xABm4n4mzEpmtgrD6\" target=\"_blank\" rel=\"noopener\" title=\"Vedi il loro indirizzo su google maps\"><i class=\"fa fa-map-marker\" aria-hidden=\"true\"><\/i>Via Della Costa Cadimare, 4 <br\/>&nbsp; &nbsp; &nbsp; 19131 La Spezia (SP)<\/a><\/li>\n              <\/ul>\n<\/div>\n<\/div>\n<\/div><\/div>\n<\/div><\/div>\n\n\n\n<div class=\"wp-block-group container-xxl py-5\"><div class=\"wp-block-group__inner-container is-layout-constrained wp-block-group-is-layout-constrained\">\n<div class=\"wp-block-group container\"><div class=\"wp-block-group__inner-container is-layout-constrained wp-block-group-is-layout-constrained\">\n<div class=\"wp-block-columns row align-items-center justify-content-between is-layout-flex wp-container-core-columns-is-layout-4 wp-block-columns-is-layout-flex\">\n<div class=\"wp-block-column col-lg-6 order-lg-2 mb-3 mb-lg-0 is-layout-flow wp-block-column-is-layout-flow\">\n<div class=\"image-stack mb-5 mb-lg-0\">\n\t\t\t\t\t\t<div class=\"image-stack__item image-stack__item--bottom\" data-aos=\"fade-up\"  >\n\t\t\t\t\t\t\t<img decoding=\"async\" src=\"\/wp-content\/uploads\/2023\/07\/osteriadellacorte-interior.webp\" class=\"img-fluid rounded rellax\">\n\t\t\t\t\t\t<\/div>\n\t\t\t\t\t\t<div class=\"image-stack__item image-stack__item--top\" data-aos=\"fade-up\" data-aos-delay=\"100\"  data-rellax-percentage=\"0.5\">\n\t\t\t\t\t\t\t<img decoding=\"async\" src=\"\/wp-content\/uploads\/2023\/07\/losteriadellacorte.webp\" alt=\"Image\" class=\"img-fluid rounded\">\n\t\t\t\t\t\t<\/div>\n\t\t\t\t\t<\/div>\n<\/div>\n\n\n\n<div class=\"wp-block-column col-lg-4 order-lg-1 is-layout-flow wp-block-column-is-layout-flow\">\n<h2 class=\"wp-block-heading\">L&#8217;Osteria della Corte<\/h2>\n\n\n\n<p>&#8220;<strong>L\u2019Osteria della Corte<\/strong>&#8221; \u00e8 uno dei nostri ristoranti preferiti. Ci piace molto l&#8217;atmosfera che ha il ristorante e la cucina \u00e8 veramente buona. Il nome del ristorante \u00e8 perch\u00e8 al interno hanno una corte, uno spazio circondato da pareti di sasso e rampicanti che fa dimenticare di essere in pieno centro citt\u00e0.<\/p>\n\n\n\n<p>&#8220;<strong>L\u2019Osteria della Corte<\/strong>&#8221; \u00e8 presente sulle principali guide enogastronomiche italiane.<\/p>\n\n\n\n<ul class=\"rist_address\"> \n<li><a href=\"https:\/\/www.osteriadellacorte.com\" target=\"_blank\" rel=\"noopener\"><i class=\"fa fa-globe\" aria-hidden=\"true\"><\/i>www.osteriadellacorte.com<\/a><\/li>            \n<li><a href=\"tel: 390187715210\"><i class=\"fa fa-phone\"><\/i>39 0187 715210\n<\/a><\/li>\n<li><a href=\"mailto:info@osteriadellacorte.com\"><i class=\"fa fa-envelope\" aria-hidden=\"true\"><\/i>info@osteriadellacorte.com<\/a><\/li>\n<li><a href=\"https:\/\/goo.gl\/maps\/3ZU2FktBK2zRbuW89\" target=\"_blank\" rel=\"noopener\" title=\"Vedi il loro indirizzo su google maps\"><i class=\"fa fa-map-marker\" aria-hidden=\"true\"><\/i>Via Napoli, 86<br\/>&nbsp; &nbsp; &nbsp; 19122 La Spezia (SP)<\/a><\/li>\n              <\/ul>\n<\/div>\n<\/div>\n<\/div><\/div>\n<\/div><\/div>\n\n\n\n<div class=\"wp-block-group container-xxl py-5\"><div class=\"wp-block-group__inner-container is-layout-constrained wp-block-group-is-layout-constrained\">\n<div class=\"wp-block-group container\"><div class=\"wp-block-group__inner-container is-layout-constrained wp-block-group-is-layout-constrained\">\n<div class=\"wp-block-columns row align-items-center justify-content-between is-layout-flex wp-container-core-columns-is-layout-5 wp-block-columns-is-layout-flex\">\n<div class=\"wp-block-column col-lg-6 order-lg-1 mb-5 mb-lg-0 is-layout-flow wp-block-column-is-layout-flow\">\n<div class=\"image-stack mb-5 mb-lg-0\">\n \n        <div class=\"image-stack__item image-stack__item--bottom\" data-aos=\"fade-up\"  >\n\t\t\t\t\t\t\t<img decoding=\"async\" src=\"\/wp-content\/uploads\/2023\/07\/ristoratino-bayon-interno.webp\" alt=\"Image\" class=\"img-fluid rounded rellax\">\n\t\t\t\t\t\t      <\/div>\n\t\t\t\t\t\t<div class=\"image-stack__item image-stack__item--top\" data-aos=\"fade-up\" data-aos-delay=\"100\"  data-rellax-percentage=\"0.5\">\n\t\t\t\t\t\t\t<img decoding=\"async\" src=\"\/wp-content\/uploads\/2023\/06\/ristorantino-bayon.jpg\" alt=\"Image\" class=\"img-fluid rounded\">\n\t\t\t\t\t\t<\/div>\n\t\t\t\t\t<\/div>\n<\/div>\n\n\n\n<div class=\"wp-block-column col-lg-4 order-lg-2 is-layout-flow wp-block-column-is-layout-flow\">\n<h2 class=\"wp-block-heading\">Il ristorantino di Bayon<\/h2>\n\n\n\n<p>Un bel posto dove si pu\u00f2 mangiare bene e passare un momento gradevole in compagnia.<\/p>\n\n\n\n<p>Dopo o prima di cena, <a href=\"\/es\/attivita\/#passeggiate\" target=\"_blank\" rel=\"noopener\" title=\"\">camminare per le strade del centro \u00e8 molto gradevole<\/a>. Questo ristorante \u00e8 in pieno centro storico, il che lo rende un buon punto di partenza per conoscere la citt\u00e0, anche ideale per chiudere in bellezza la giornata.<\/p>\n\n\n\n<ul class=\"rist_address\">                  <li><a  <li><a href=\"https:\/\/il-ristorantino-del-bayon.business.site\" target=\"_blank\" rel=\"noopener\"><i class=\"fa fa-globe\" aria-hidden=\"true\"><\/i>il-ristorantino-del-bayon.business.site<\/a><\/li>\n                  <li><a href=\"tel: 390187732209\"><i class=\"fa fa-phone\"><\/i>+39 0187 732 209<\/a><\/li>\n<li><a href=\"https:\/\/goo.gl\/maps\/5dkxSzn9g8rTwFxM6\" target=\"_blank\" rel=\"noopener\" title=\"Vedi il loro indirizzo su google maps\"><i class=\"fa fa-map-marker\" aria-hidden=\"true\"><\/i>Via Felice Cavallotti, 23 <br\/>(Tra corso Cavour e via del Prione)<br\/>&nbsp; &nbsp; &nbsp; La Spezia 19121<\/a><\/li>\n              <\/ul>\n<\/div>\n<\/div>\n<\/div><\/div>\n<\/div><\/div>\n\n\n\n<div class=\"wp-block-group container-xxl py-5\"><div class=\"wp-block-group__inner-container is-layout-constrained wp-block-group-is-layout-constrained\">\n<div class=\"wp-block-group container\"><div class=\"wp-block-group__inner-container is-layout-constrained wp-block-group-is-layout-constrained\">\n<div class=\"wp-block-columns row align-items-center justify-content-between is-layout-flex wp-container-core-columns-is-layout-6 wp-block-columns-is-layout-flex\">\n<div class=\"wp-block-column col-lg-6 order-lg-2 mb-3 mb-lg-0 is-layout-flow wp-block-column-is-layout-flow\">\n<div class=\"image-stack mb-5 mb-lg-0\">\n \n        <div class=\"image-stack__item image-stack__item--bottom\" data-aos=\"fade-up\"  >\n\t\t\t\t\t\t\t<img decoding=\"async\" src=\"\/wp-content\/uploads\/2023\/07\/ristorante-maiaebattiston-vini.webp\" alt=\"Image\" class=\"img-fluid rounded rellax\">\n\t\t\t\t\t\t      <\/div>\n\t\t\t\t\t\t<div class=\"image-stack__item image-stack__item--top\" data-aos=\"fade-up\" data-aos-delay=\"100\"  data-rellax-percentage=\"0.5\">\n\t\t\t\t\t\t\t<img decoding=\"async\" src=\"\/wp-content\/uploads\/2023\/07\/maiaebattiston-ristorante.webp\" alt=\"Image\" class=\"img-fluid rounded\">\n\t\t\t\t\t\t<\/div>\n\t\t\t\t\t<\/div>\n<\/div>\n\n\n\n<div class=\"wp-block-column col-lg-4 order-lg-1 is-layout-flow wp-block-column-is-layout-flow\">\n<h2 class=\"wp-block-heading col-lg-4 order-lg-1\">Ristorante <em>Maia e Battiston<\/em><\/h2>\n\n\n\n<p>Ristorante <em>Maia e Battiston<\/em> \u00e8 un altro bel ristorante in pieno centro citt\u00e0. <\/p>\n\n\n\n<p>Loro hanno un men\u00f9 caratterizzato da prodotti e ingredienti artigianali e del territorio spezzino.<\/p>\n\n\n\n<ul class=\"rist_address\">                  <li><a href=\"https:\/\/maiaebattiston.com\/\" title=\"per maggiori info visita il loro sito\" target=\"_blank\" rel=\"noopener\"><i class=\"fa fa-globe\" aria-hidden=\"true\"><\/i>maiaebattiston.com<\/a><\/li>\n<li><a href=\"mailto:info@maiaebattiston.com\"><i class=\"fa fa-envelope\" aria-hidden=\"true\"><\/i>info@maiaebattiston.com<\/a><\/li>\n<li><a href=\"tel: 39 0187 24160\"><i class=\"fa fa-phone\"><\/i>+39 0187 24160<\/li>\n<li><a href=\"https:\/\/goo.gl\/maps\/NqkNe4geByMv6zt9A\" target=\"_blank\" rel=\"noopener\" title=\"Vedi il loro indirizzo su google maps\"><i class=\"fa fa-map-marker\" aria-hidden=\"true\"><\/i>Via del Torretto 15<br\/>&nbsp; &nbsp; &nbsp; 19121 La Spezia<\/a><\/li>\n              <\/ul>\n<\/div>\n<\/div>\n<\/div><\/div>\n<\/div><\/div>\n\n\n\n<div class=\"wp-block-group container-xxl py-5\"><div class=\"wp-block-group__inner-container is-layout-constrained wp-block-group-is-layout-constrained\">\n<div class=\"wp-block-group container\"><div class=\"wp-block-group__inner-container is-layout-constrained wp-block-group-is-layout-constrained\">\n<div class=\"wp-block-columns row align-items-center justify-content-between is-layout-flex wp-container-core-columns-is-layout-7 wp-block-columns-is-layout-flex\">\n<div class=\"wp-block-column col-lg-6 order-lg-1 mb-3 mb-lg-0 is-layout-flow wp-block-column-is-layout-flow\">\n<div class=\"image-stack mb-5 mb-lg-0\">\n \n        <div class=\"image-stack__item image-stack__item--bottom\" data-aos=\"fade-up\"  >\n\t\t\t\t\t\t\t<img decoding=\"async\" src=\"\/wp-content\/uploads\/2023\/07\/lalampara-ristorante.webp\" alt=\"Image\" class=\"img-fluid rellax\">\n\t\t\t\t\t\t      <\/div>\n\t\t\t\t\t\t<div class=\"image-stack__item image-stack__item--top\" data-aos=\"fade-up\" data-aos-delay=\"100\"  data-rellax-percentage=\"0.5\">\n\t\t\t\t\t\t\t<img decoding=\"async\" src=\"\/wp-content\/uploads\/2023\/07\/lalampara-ristorante-interior.webp\" alt=\"Image\" class=\"img-fluid rounded\">\n\t\t\t\t\t\t<\/div>\n\t\t\t\t\t<\/div>\n<\/div>\n\n\n\n<div class=\"wp-block-column col-lg-4 order-lg-2 is-layout-flow wp-block-column-is-layout-flow\">\n<h2 class=\"wp-block-heading\">La Lampara<\/h2>\n\n\n\n<p>Il Ristorante Pizzeria La Lampara, si trova a Riomaggiore ed \u00e8 un bel locale molto curato esteticamente e accogliente. La cucina offre un viaggio enogastronomico nei sapori liguri.<\/p>\n\n\n\n<ul class=\"rist_address\">\n<li><a href=\"https:\/\/www.facebook.com\/profile.php?id=100063781803501\" target=\"_blank\" rel=\"noopener\" title=\"per maggiori info visita la loro pagina Facebook\"><i class=\"fa-brands fa-facebook\" aria-hidden=\"true\"><\/i>Pagina Facebook de La Lampara<\/a><\/li>            \n                  <li><a href=\"mailto:ristorante.lampara@libero.it\"><i class=\"fa fa-envelope\" aria-hidden=\"true\"><\/i>ristorante.lampara@libero.it<\/a><\/li>\n                  <li><a href=\"tel: 39 0187 920120\"><i class=\"fa fa-phone\"><\/i>+39 0187 920120<\/li>\n<li><a href=\"tel: 39 39807688\"><i class=\"fa fa-mobile\"><\/i>+39 39807688<\/li>\n<li><a href=\"https:\/\/goo.gl\/maps\/d6FGnCsRgRn9bsfN6\" target=\"_blank\" rel=\"noopener\" title=\"Vedi il loro indirizzo su google maps\"><i class=\"fa fa-map-marker\" aria-hidden=\"true\"><\/i>Via Malborghetto, 10<br\/>&nbsp; &nbsp; &nbsp; 19017 Riomaggiore (SP)<\/a><\/li>\n              <\/ul>\n<\/div>\n<\/div>\n<\/div><\/div>\n<\/div><\/div>","protected":false},"excerpt":{"rendered":"<p>La Spezia offre un&#8217;ampia variet\u00e0 di piatti tipici, noi vi consigliamo alcuni dei tanti ristoranti presenti nella zona che propongono un ottima cucina ligure..<\/p>","protected":false},"author":2,"featured_media":2169,"parent":2996,"menu_order":0,"comment_status":"closed","ping_status":"closed","template":"templates\/page-where-to-eat-template.php","meta":{"content-type":"","_uag_custom_page_level_css":"","footnotes":""},"class_list":["post-2162","page","type-page","status-publish","has-post-thumbnail","hentry"],"aioseo_notices":[],"uagb_featured_image_src":{"full":["https:\/\/sipariowp.clauramial.opalstacked.com\/wp-content\/uploads\/2023\/04\/dove-mangiare.webp",1920,1165,false],"thumbnail":["https:\/\/sipariowp.clauramial.opalstacked.com\/wp-content\/uploads\/2023\/04\/dove-mangiare-150x150.webp",150,150,true],"medium":["https:\/\/sipariowp.clauramial.opalstacked.com\/wp-content\/uploads\/2023\/04\/dove-mangiare-300x182.webp",300,182,true],"medium_large":["https:\/\/sipariowp.clauramial.opalstacked.com\/wp-content\/uploads\/2023\/04\/dove-mangiare-768x466.webp",768,466,true],"large":["https:\/\/sipariowp.clauramial.opalstacked.com\/wp-content\/uploads\/2023\/04\/dove-mangiare-1024x621.webp",800,485,true],"1536x1536":["https:\/\/sipariowp.clauramial.opalstacked.com\/wp-content\/uploads\/2023\/04\/dove-mangiare-1536x932.webp",1536,932,true],"2048x2048":["https:\/\/sipariowp.clauramial.opalstacked.com\/wp-content\/uploads\/2023\/04\/dove-mangiare.webp",1920,1165,false],"trp-custom-language-flag":["https:\/\/sipariowp.clauramial.opalstacked.com\/wp-content\/uploads\/2023\/04\/dove-mangiare-18x12.webp",18,12,true],"clauramial-about-thumb":["https:\/\/sipariowp.clauramial.opalstacked.com\/wp-content\/uploads\/2023\/04\/dove-mangiare-400x420.webp",400,420,true],"clauramial-blog-thumb":["https:\/\/sipariowp.clauramial.opalstacked.com\/wp-content\/uploads\/2023\/04\/dove-mangiare-800x420.webp",800,420,true],"clauramial-featured-thumb":["https:\/\/sipariowp.clauramial.opalstacked.com\/wp-content\/uploads\/2023\/04\/dove-mangiare.webp",692,420,false],"clauramial-slider":["https:\/\/sipariowp.clauramial.opalstacked.com\/wp-content\/uploads\/2023\/04\/dove-mangiare-1920x700.webp",1920,700,true]},"uagb_author_info":{"display_name":"Daniel Ramirez Alonso","author_link":"https:\/\/sipariowp.clauramial.opalstacked.com\/es\/author\/dany_sukerhotmail-com\/"},"uagb_comment_info":0,"uagb_excerpt":"La Spezia offre un'ampia variet\u00e0 di piatti tipici, noi vi consigliamo alcuni dei tanti ristoranti presenti nella zona che propongono un ottima cucina ligure..","_links":{"self":[{"href":"https:\/\/sipariowp.clauramial.opalstacked.com\/es\/wp-json\/wp\/v2\/pages\/2162","targetHints":{"allow":["GET"]}}],"collection":[{"href":"https:\/\/sipariowp.clauramial.opalstacked.com\/es\/wp-json\/wp\/v2\/pages"}],"about":[{"href":"https:\/\/sipariowp.clauramial.opalstacked.com\/es\/wp-json\/wp\/v2\/types\/page"}],"author":[{"embeddable":true,"href":"https:\/\/sipariowp.clauramial.opalstacked.com\/es\/wp-json\/wp\/v2\/users\/2"}],"replies":[{"embeddable":true,"href":"https:\/\/sipariowp.clauramial.opalstacked.com\/es\/wp-json\/wp\/v2\/comments?post=2162"}],"version-history":[{"count":67,"href":"https:\/\/sipariowp.clauramial.opalstacked.com\/es\/wp-json\/wp\/v2\/pages\/2162\/revisions"}],"predecessor-version":[{"id":3413,"href":"https:\/\/sipariowp.clauramial.opalstacked.com\/es\/wp-json\/wp\/v2\/pages\/2162\/revisions\/3413"}],"up":[{"embeddable":true,"href":"https:\/\/sipariowp.clauramial.opalstacked.com\/es\/wp-json\/wp\/v2\/pages\/2996"}],"wp:featuredmedia":[{"embeddable":true,"href":"https:\/\/sipariowp.clauramial.opalstacked.com\/es\/wp-json\/wp\/v2\/media\/2169"}],"wp:attachment":[{"href":"https:\/\/sipariowp.clauramial.opalstacked.com\/es\/wp-json\/wp\/v2\/media?parent=2162"}],"curies":[{"name":"wp","href":"https:\/\/api.w.org\/{rel}","templated":true}]}}