
{"id":2996,"date":"2023-07-10T09:10:02","date_gmt":"2023-07-10T09:10:02","guid":{"rendered":"https:\/\/sipariosulgolfo.com\/?page_id=2996"},"modified":"2023-08-07T14:45:01","modified_gmt":"2023-08-07T14:45:01","slug":"nei-dintorni","status":"publish","type":"page","link":"https:\/\/sipariowp.clauramial.opalstacked.com\/es\/nei-dintorni\/","title":{"rendered":"En los alrededores"},"content":{"rendered":"<div class=\"wp-block-group container\"><div class=\"wp-block-group__inner-container is-layout-constrained wp-block-group-is-layout-constrained\">\n<p>La Liguria \u00e8 famosa per la sua cucina deliziosa, che include piatti a base di pesce fresco, pesto, focaccia e altro ancora. Soggiornando a La Spezia, avrai l&#8217;opportunit\u00e0 di assaporare autentici sapori locali nei ristoranti e nei mercati della citt\u00e0.<\/p>\n\n\n\n<p>In generale, i dintorni di La Spezia offrono una variet\u00e0 di opzioni per tutti i tipi di viaggiatori, dalle localit\u00e0 costiere alle escursioni in montagna, passando per l&#8217;esplorazione culturale e storica.<\/p>\n\n\n\n<p>Con tutto quello che offre La Spezia e i dintorni le attivit\u00e0 da fare offrono una variet\u00e0 di esperienze per soddisfare tutti i gusti.<\/p>\n<\/div><\/div>","protected":false},"excerpt":{"rendered":"<p>La Liguria \u00e8 famosa per la sua cucina deliziosa, che include piatti a base di pesce fresco, pesto, focaccia e altro ancora. Soggiornando a La Spezia, avrai l&#8217;opportunit\u00e0 di assaporare autentici sapori locali nei ristoranti e nei mercati della citt\u00e0. In generale, i dintorni di La Spezia offrono una variet\u00e0 di opzioni per tutti i [&hellip;]<\/p>","protected":false},"author":2,"featured_media":0,"parent":0,"menu_order":0,"comment_status":"closed","ping_status":"closed","template":"templates\/page-nei-dintorni.php","meta":{"content-type":"","_uag_custom_page_level_css":"","footnotes":""},"class_list":["post-2996","page","type-page","status-publish","hentry"],"aioseo_notices":[],"uagb_featured_image_src":{"full":false,"thumbnail":false,"medium":false,"medium_large":false,"large":false,"1536x1536":false,"2048x2048":false,"trp-custom-language-flag":false,"clauramial-about-thumb":false,"clauramial-blog-thumb":false,"clauramial-featured-thumb":false,"clauramial-slider":false},"uagb_author_info":{"display_name":"Daniel Ramirez Alonso","author_link":"https:\/\/sipariowp.clauramial.opalstacked.com\/es\/author\/dany_sukerhotmail-com\/"},"uagb_comment_info":0,"uagb_excerpt":"La Liguria \u00e8 famosa per la sua cucina deliziosa, che include piatti a base di pesce fresco, pesto, focaccia e altro ancora. Soggiornando a La Spezia, avrai l&#8217;opportunit\u00e0 di assaporare autentici sapori locali nei ristoranti e nei mercati della citt\u00e0. In generale, i dintorni di La Spezia offrono una variet\u00e0 di opzioni per tutti i&hellip;","_links":{"self":[{"href":"https:\/\/sipariowp.clauramial.opalstacked.com\/es\/wp-json\/wp\/v2\/pages\/2996","targetHints":{"allow":["GET"]}}],"collection":[{"href":"https:\/\/sipariowp.clauramial.opalstacked.com\/es\/wp-json\/wp\/v2\/pages"}],"about":[{"href":"https:\/\/sipariowp.clauramial.opalstacked.com\/es\/wp-json\/wp\/v2\/types\/page"}],"author":[{"embeddable":true,"href":"https:\/\/sipariowp.clauramial.opalstacked.com\/es\/wp-json\/wp\/v2\/users\/2"}],"replies":[{"embeddable":true,"href":"https:\/\/sipariowp.clauramial.opalstacked.com\/es\/wp-json\/wp\/v2\/comments?post=2996"}],"version-history":[{"count":11,"href":"https:\/\/sipariowp.clauramial.opalstacked.com\/es\/wp-json\/wp\/v2\/pages\/2996\/revisions"}],"predecessor-version":[{"id":3433,"href":"https:\/\/sipariowp.clauramial.opalstacked.com\/es\/wp-json\/wp\/v2\/pages\/2996\/revisions\/3433"}],"wp:attachment":[{"href":"https:\/\/sipariowp.clauramial.opalstacked.com\/es\/wp-json\/wp\/v2\/media?parent=2996"}],"curies":[{"name":"wp","href":"https:\/\/api.w.org\/{rel}","templated":true}]}}